{"id":25633,"date":"2026-02-10T06:29:33","date_gmt":"2026-02-10T05:29:33","guid":{"rendered":"https:\/\/gdm.se\/about-us\/history"},"modified":"2026-03-20T11:32:47","modified_gmt":"2026-03-20T10:32:47","slug":"history","status":"publish","type":"page","link":"https:\/\/gdm.se\/en\/about-us\/history","title":{"rendered":"History"},"content":{"rendered":"\t\t<div data-elementor-type=\"wp-page\" data-elementor-id=\"25633\" class=\"elementor elementor-25633 elementor-291\" data-elementor-post-type=\"page\">\n\t\t\t\t<div class=\"elementor-element elementor-element-0807b2f wm-section wm-section-first e-flex e-con-boxed e-con e-parent\" data-id=\"0807b2f\" data-element_type=\"container\" data-e-type=\"container\" data-settings=\"{&quot;background_background&quot;:&quot;classic&quot;}\">\n\t\t\t\t\t<div class=\"e-con-inner\">\n\t\t\t\t<div class=\"elementor-element elementor-element-87c3dd8 elementor-widget elementor-widget-text-editor\" data-id=\"87c3dd8\" data-element_type=\"widget\" data-e-type=\"widget\" data-widget_type=\"text-editor.default\">\n\t\t\t\t\t\t\t\t\tHistory  \t\t\t\t\t\t\t\t<\/div>\n\t\t\t\t<div class=\"elementor-element elementor-element-94d9a41 elementor-widget__width-initial elementor-widget elementor-widget-heading\" data-id=\"94d9a41\" data-element_type=\"widget\" data-e-type=\"widget\" data-widget_type=\"heading.default\">\n\t\t\t\t\t<h1 class=\"elementor-heading-title elementor-size-default\">History\n<\/h1>\t\t\t\t<\/div>\n\t\t\t\t<div class=\"elementor-element elementor-element-319a647 elementor-widget__width-initial elementor-widget elementor-widget-text-editor\" data-id=\"319a647\" data-element_type=\"widget\" data-e-type=\"widget\" data-widget_type=\"text-editor.default\">\n\t\t\t\t\t\t\t\t\t<p>GDM has gone from being a sole proprietorship with music in its name and a dream of something bigger &#8211; to becoming a strong and well-known brand in IT in Sweden. With offices in Sundsvall and \u00d6stersund, over 125 employees and customers all over the country, we continue to grow, without losing what makes us unique.   <\/p><p>The commitment, culture and desire to always do a little better have been with us since the start in 1992 and remain at the heart of everything we do.<\/p>\t\t\t\t\t\t\t\t<\/div>\n\t\t\t\t\t<\/div>\n\t\t\t\t<\/div>\n\t\t<div class=\"elementor-element elementor-element-395a919 wm-section wm-section-first e-flex e-con-boxed e-con e-parent\" data-id=\"395a919\" data-element_type=\"container\" data-e-type=\"container\">\n\t\t\t\t\t<div class=\"e-con-inner\">\n\t\t<div class=\"elementor-element elementor-element-58a2cb2 e-con-full e-flex e-con e-child\" data-id=\"58a2cb2\" data-element_type=\"container\" data-e-type=\"container\" data-settings=\"{&quot;animation&quot;:&quot;none&quot;}\">\n\t\t\t\t<div class=\"elementor-element elementor-element-27a7b9c elementor-widget elementor-widget-text-editor\" data-id=\"27a7b9c\" data-element_type=\"widget\" data-e-type=\"widget\" data-widget_type=\"text-editor.default\">\n\t\t\t\t\t\t\t\t\t<div data-id=\"2fe0afd9\" data-element_type=\"widget\" data-e-type=\"widget\" data-widget_type=\"text-editor.default\"><p><strong>1992-1998<\/strong><\/p><\/div><div data-id=\"5579e3a4\" data-element_type=\"widget\" data-e-type=\"widget\" data-widget_type=\"heading.default\"><h2>From drums to keyboards<\/h2><\/div><div data-id=\"53e03f75\" data-element_type=\"widget\" data-e-type=\"widget\" data-widget_type=\"text-editor.default\"><p data-ccp-border-top=\"0px none  \" data-ccp-padding-top=\"0px\" data-ccp-border-bottom=\"0.6666666666666666px solid #000000\" data-ccp-padding-bottom=\"1.3333333333333333px\">It all started with a drummer &#8211; and a strong desire to create something of his own.  <\/p><p data-ccp-border-top=\"0px none  \" data-ccp-padding-top=\"0px\" data-ccp-border-bottom=\"0.6666666666666666px solid #000000\" data-ccp-padding-bottom=\"1.3333333333333333px\">In 1992, Tommy Gustafsson founded a sole proprietorship with the charming name Gustafssons Data &amp; Musik &#8211; GDM. The name captured what was Tommy&#8217;s world at the time: IT by day and music by night. With a foot in both worlds, he took on assignments at SCA. It went quickly &#8211; customers appreciated the service, and soon more technicians were needed.     <\/p><p data-ccp-border-top=\"0px none  \" data-ccp-padding-top=\"0px\" data-ccp-border-bottom=\"0.6666666666666666px solid #000000\" data-ccp-padding-bottom=\"1.3333333333333333px\">When GDM moved into larger premises and became a limited company in 1998, it was clear that something bigger had taken shape. An idea born of passion, entrepreneurship &#8211; and music.   <\/p><\/div>\t\t\t\t\t\t\t\t<\/div>\n\t\t\t\t<\/div>\n\t\t<div class=\"elementor-element elementor-element-c668a72 e-con-full wm-card-huge e-flex e-con e-child\" data-id=\"c668a72\" data-element_type=\"container\" data-e-type=\"container\" data-settings=\"{&quot;animation&quot;:&quot;none&quot;,&quot;background_background&quot;:&quot;classic&quot;}\">\n\t\t\t\t<\/div>\n\t\t\t\t\t<\/div>\n\t\t\t\t<\/div>\n\t\t<div class=\"elementor-element elementor-element-f87facc wm-section e-flex e-con-boxed e-con e-parent\" data-id=\"f87facc\" data-element_type=\"container\" data-e-type=\"container\">\n\t\t\t\t\t<div class=\"e-con-inner\">\n\t\t<div class=\"elementor-element elementor-element-88c2ee1 e-con-full wm-card-huge e-flex e-con e-child\" data-id=\"88c2ee1\" data-element_type=\"container\" data-e-type=\"container\" data-settings=\"{&quot;animation&quot;:&quot;none&quot;,&quot;background_background&quot;:&quot;classic&quot;}\">\n\t\t\t\t<\/div>\n\t\t<div class=\"elementor-element elementor-element-7ac055d e-con-full e-flex e-con e-child\" data-id=\"7ac055d\" data-element_type=\"container\" data-e-type=\"container\" data-settings=\"{&quot;animation&quot;:&quot;none&quot;}\">\n\t\t\t\t<div class=\"elementor-element elementor-element-0f0cd9c elementor-widget elementor-widget-text-editor\" data-id=\"0f0cd9c\" data-element_type=\"widget\" data-e-type=\"widget\" data-widget_type=\"text-editor.default\">\n\t\t\t\t\t\t\t\t\t<div data-id=\"c5b755c\" data-element_type=\"widget\" data-e-type=\"widget\" data-widget_type=\"text-editor.default\"><p><strong>1999-2005<\/strong><\/p><\/div><div data-id=\"4c0f806b\" data-element_type=\"widget\" data-e-type=\"widget\" data-widget_type=\"heading.default\"><h2>Growing teams and the GDM spirit is born<\/h2><\/div><div data-id=\"1db9eb61\" data-element_type=\"widget\" data-e-type=\"widget\" data-widget_type=\"text-editor.default\"><p>GDM&#8217;s hallmark quickly became clear &#8211; close customer relationships, high commitment and a strong team spirit.  <\/p><p>The helpdesk opened in 1999, and the Christmas parties became somewhat legendary. The first conference trip was to Sutme in the mountains &#8211; a mix of team building and technical slopes.   <\/p><p>During the 2000s, the company was strengthened with a new board of directors, sales and marketing functions, and a new office on S\u00f6dra J\u00e4rnv\u00e4gsgatan, which is still our home. With major assignments, such as an important agreement with SCA, the business doubled &#8211; and the GDM spirit with its family atmosphere spread far beyond our walls.   <\/p><\/div>\t\t\t\t\t\t\t\t<\/div>\n\t\t\t\t<\/div>\n\t\t\t\t\t<\/div>\n\t\t\t\t<\/div>\n\t\t<div class=\"elementor-element elementor-element-99df91e wm-section e-flex e-con-boxed e-con e-parent\" data-id=\"99df91e\" data-element_type=\"container\" data-e-type=\"container\">\n\t\t\t\t\t<div class=\"e-con-inner\">\n\t\t<div class=\"elementor-element elementor-element-935988b e-con-full e-flex e-con e-child\" data-id=\"935988b\" data-element_type=\"container\" data-e-type=\"container\" data-settings=\"{&quot;animation&quot;:&quot;none&quot;}\">\n\t\t\t\t<div class=\"elementor-element elementor-element-72f2695 elementor-widget elementor-widget-text-editor\" data-id=\"72f2695\" data-element_type=\"widget\" data-e-type=\"widget\" data-widget_type=\"text-editor.default\">\n\t\t\t\t\t\t\t\t\t<div data-id=\"3d488b4\" data-element_type=\"widget\" data-e-type=\"widget\" data-widget_type=\"text-editor.default\"><p><strong>2007-2014<\/strong><\/p><\/div><div data-id=\"5b1a9b5a\" data-element_type=\"widget\" data-e-type=\"widget\" data-widget_type=\"heading.default\"><h2>From local to regional &#8211; and beyond<\/h2><\/div><div data-id=\"6c093c50\" data-element_type=\"widget\" data-e-type=\"widget\" data-widget_type=\"text-editor.default\"><p>With low staff turnover and a strong culture, GDM continued its journey &#8211; now through both organic growth and acquisitions.  <\/p><p>We celebrated 15 years with Babsan on stage, opened an office in \u00d6stersund during the financial crisis and later also in Stockholm.  <\/p><p>When GDM reached 100 employees in 2014, we were one of Sweden&#8217;s most appreciated IT companies in operations and outsourcing, and our work with customer satisfaction was repeatedly recognized.  <\/p><p>The music was still there &#8211; but now we were playing on bigger and bigger stages.  <\/p><\/div>\t\t\t\t\t\t\t\t<\/div>\n\t\t\t\t<\/div>\n\t\t<div class=\"elementor-element elementor-element-7657a9c e-con-full wm-card-huge e-flex e-con e-child\" data-id=\"7657a9c\" data-element_type=\"container\" data-e-type=\"container\" data-settings=\"{&quot;animation&quot;:&quot;none&quot;,&quot;background_background&quot;:&quot;classic&quot;}\">\n\t\t\t\t<\/div>\n\t\t\t\t\t<\/div>\n\t\t\t\t<\/div>\n\t\t<div class=\"elementor-element elementor-element-6523370 wm-section e-flex e-con-boxed e-con e-parent\" data-id=\"6523370\" data-element_type=\"container\" data-e-type=\"container\">\n\t\t\t\t\t<div class=\"e-con-inner\">\n\t\t<div class=\"elementor-element elementor-element-f7299a2 e-con-full wm-card-huge e-flex e-con e-child\" data-id=\"f7299a2\" data-element_type=\"container\" data-e-type=\"container\" data-settings=\"{&quot;animation&quot;:&quot;none&quot;,&quot;background_background&quot;:&quot;classic&quot;}\">\n\t\t\t\t<\/div>\n\t\t<div class=\"elementor-element elementor-element-16d6c71 e-con-full e-flex e-con e-child\" data-id=\"16d6c71\" data-element_type=\"container\" data-e-type=\"container\" data-settings=\"{&quot;animation&quot;:&quot;none&quot;}\">\n\t\t\t\t<div class=\"elementor-element elementor-element-6ec6bca elementor-widget elementor-widget-text-editor\" data-id=\"6ec6bca\" data-element_type=\"widget\" data-e-type=\"widget\" data-widget_type=\"text-editor.default\">\n\t\t\t\t\t\t\t\t\t<div data-id=\"2f6d712\" data-element_type=\"widget\" data-e-type=\"widget\" data-widget_type=\"text-editor.default\"><p><strong>2015-2021<\/strong><\/p><\/div><div data-id=\"55c7a1de\" data-element_type=\"widget\" data-e-type=\"widget\" data-widget_type=\"heading.default\"><h2>New cities, new heights<\/h2><\/div><div data-id=\"8fab8b5\" data-element_type=\"widget\" data-e-type=\"widget\" data-widget_type=\"text-editor.default\"><p>With Gold Partnership in Microsoft Cloud, new offices in G\u00e4vle and Ume\u00e5, and certification according to ISO 27001, GDM took position as a strong and secure IT partner throughout Sweden.  <\/p><p>We celebrated our 25th anniversary with customers and colleagues at S\u00f6dra Berget and started GDM University together with Mid Sweden University.  <\/p><p>And of course &#8211; we were named one of Sweden&#8217;s most attractive offices. Because a workplace should be as inspiring as the business.   <\/p><\/div>\t\t\t\t\t\t\t\t<\/div>\n\t\t\t\t<\/div>\n\t\t\t\t\t<\/div>\n\t\t\t\t<\/div>\n\t\t<div class=\"elementor-element elementor-element-3dcff92 wm-section wm-section-last e-flex e-con-boxed e-con e-parent\" data-id=\"3dcff92\" data-element_type=\"container\" data-e-type=\"container\">\n\t\t\t\t\t<div class=\"e-con-inner\">\n\t\t<div class=\"elementor-element elementor-element-123b3b2 e-con-full e-flex e-con e-child\" data-id=\"123b3b2\" data-element_type=\"container\" data-e-type=\"container\" data-settings=\"{&quot;animation&quot;:&quot;none&quot;}\">\n\t\t\t\t<div class=\"elementor-element elementor-element-982bdcd elementor-widget elementor-widget-text-editor\" data-id=\"982bdcd\" data-element_type=\"widget\" data-e-type=\"widget\" data-widget_type=\"text-editor.default\">\n\t\t\t\t\t\t\t\t\t<div data-id=\"72e782e\" data-element_type=\"widget\" data-e-type=\"widget\" data-widget_type=\"text-editor.default\"><p><strong>2022- today<\/strong><\/p><\/div><div data-id=\"33dce033\" data-element_type=\"widget\" data-e-type=\"widget\" data-widget_type=\"heading.default\"><h2>A future with pulse and passion<\/h2><\/div><div data-id=\"3939d213\" data-element_type=\"widget\" data-e-type=\"widget\" data-widget_type=\"text-editor.default\"><p>We celebrated 30 years in 2022 &#8211; three decades of growth, technology development and community.  <\/p><p>In 2024, a historic step was taken when GDM became part of the Aderian Group &#8211; a strong collection of IT companies that together become even better for our customers.  <\/p><p>We&#8217;re still GDM, just stronger, smarter and more ready than ever for the challenges of the future &#8211; with the same heart and spirit of service as we started out with. And yes &#8211; the music is still with us.    <\/p><\/div>\t\t\t\t\t\t\t\t<\/div>\n\t\t\t\t<\/div>\n\t\t<div class=\"elementor-element elementor-element-5b65258 e-con-full wm-card-huge e-flex e-con e-child\" data-id=\"5b65258\" data-element_type=\"container\" data-e-type=\"container\" data-settings=\"{&quot;animation&quot;:&quot;none&quot;,&quot;background_background&quot;:&quot;classic&quot;}\">\n\t\t\t\t<\/div>\n\t\t\t\t\t<\/div>\n\t\t\t\t<\/div>\n\t\t\t\t<\/div>\n\t\t","protected":false},"excerpt":{"rendered":"<p>History History GDM has gone from being a sole proprietorship with music in its name and a dream of something bigger &#8211; to becoming a strong and well-known brand in IT in Sweden. With offices in Sundsvall and \u00d6stersund, over 125 employees and customers all over the country, we continue to grow, without losing what [&hellip;]<\/p>\n","protected":false},"author":1,"featured_media":0,"parent":24826,"menu_order":0,"comment_status":"closed","ping_status":"closed","template":"","meta":{"_acf_changed":false,"footnotes":""},"class_list":["post-25633","page","type-page","status-publish","hentry"],"acf":[],"_links":{"self":[{"href":"https:\/\/gdm.se\/en\/wp-json\/wp\/v2\/pages\/25633","targetHints":{"allow":["GET"]}}],"collection":[{"href":"https:\/\/gdm.se\/en\/wp-json\/wp\/v2\/pages"}],"about":[{"href":"https:\/\/gdm.se\/en\/wp-json\/wp\/v2\/types\/page"}],"author":[{"embeddable":true,"href":"https:\/\/gdm.se\/en\/wp-json\/wp\/v2\/users\/1"}],"replies":[{"embeddable":true,"href":"https:\/\/gdm.se\/en\/wp-json\/wp\/v2\/comments?post=25633"}],"version-history":[{"count":0,"href":"https:\/\/gdm.se\/en\/wp-json\/wp\/v2\/pages\/25633\/revisions"}],"up":[{"embeddable":true,"href":"https:\/\/gdm.se\/en\/wp-json\/wp\/v2\/pages\/24826"}],"wp:attachment":[{"href":"https:\/\/gdm.se\/en\/wp-json\/wp\/v2\/media?parent=25633"}],"curies":[{"name":"wp","href":"https:\/\/api.w.org\/{rel}","templated":true}]}}